{"id":2,"date":"2011-04-15T15:26:14","date_gmt":"2011-04-15T15:26:14","guid":{"rendered":"http:\/\/wwelectronics.se.loopiadns.com\/wordpress\/?page_id=2"},"modified":"2020-09-03T09:47:42","modified_gmt":"2020-09-03T09:47:42","slug":"exempelsida","status":"publish","type":"page","link":"https:\/\/wwelectronics.se\/","title":{"rendered":"V\u00e4lkommen till WinWare Electronics"},"content":{"rendered":"<p style=\"text-align: left;\">Vi \u00e4r ett mindre f\u00f6retag i Eskilstuna som utvecklar och kundanpassar <strong>programvara\u00a0<\/strong>och <strong>m\u00e4tutrustningar <\/strong>f\u00f6r kvalitetskontroll. Vi kan erbjuda b\u00e5de enkla eller mycket stora system p\u00e5 offertbasis,\u00a0inkluderande m\u00e4tfixturer, m\u00e4tutrustningar eller enbart mjukvara.<\/p>\n<p style=\"text-align: left;\">Vi har samarbete med Mitutoyo Scandinavia AB avseende m\u00e4tutrustningar (m\u00e4tgivare, m\u00e4tlasrar, interface etc.). Industriteknik AB\u00a0f\u00f6r mekanisk konstruktion,\u00a0tillverkning och montage av m\u00e4tsystem och <a href=\"https:\/\/www.danox.se\/\">DANOX AB<\/a> f\u00f6r IT-l\u00f6sningar. Som exempel kan vi erbjuda:<\/p>\n<ul>\n<li>\n<div style=\"text-align: left;\"><span style=\"color: #0000ff;\">Dragprovningsprogram f\u00f6r h\u00e5llfasthetsm\u00e4tning. <span style=\"color: #333333;\">F\u00f6rutom programvara ing\u00e5r ocks\u00e5 interface (PC-dator),\u00a0 el-anslutning, installation och utbildning p\u00e5 plats. Programvaran kan kundanpassas mot b\u00e5de nyare och \u00e4ldre maskiner. En \u00e4ldre manuell maskin kan uppgraderas genom att kompletteras med l\u00e4mplig kraft- och l\u00e4ngdgivare som ansluts till programmet. I samband med installation och driftstagning, ing\u00e5r \u00e4ven normalt <span style=\"text-decoration: underline;\">kalibrering av maskinen<\/span> i samarbete med DuroTensile AB i Eskilstuna.<br \/>\n<\/span><br \/>\n<\/span><\/div>\n<\/li>\n<li>\n<div style=\"text-align: left;\"><span style=\"color: #0000ff;\">H\u00e5rdhetsprovning inklusive dimensionskontroll. <\/span>System f\u00f6r automatisk m\u00e4tning av h\u00e5rdhet och dimensioner f\u00f6r band (m\u00e4tfixtur, styrning och programvara). Framtagen i samarbete med Industriteknik AB i Eskilstuna. Systemet best\u00e5r av en av anpassad m\u00e4tfixtur f\u00f6r inbyggnad p\u00e5 Mitutoyo Rockwell h\u00e5rdhetsprovare med programstyrd m\u00e4tning av h\u00e5rdhet inklusive bredd och tjocklek.<\/div>\n<\/li>\n<\/ul>\n<ul>\n<li>\n<div style=\"text-align: left;\"><span style=\"color: #0000ff;\">Generella m\u00e4tapplikationer. <\/span>F\u00f6rutom programvara kan ocks\u00e5 ing\u00e5 m\u00e4tfixturer, kringutrustning, PLC-styrning och m\u00e4telektronik (se n\u00e5gra av v\u00e5ra m\u00e4tsystem). Kundanpassade system baseras normalt p\u00e5 v\u00e5r generella programvara DGM100 och kravspecifikationer och\/eller tekniska f\u00f6reskrifter. I det fall specifikation saknas eller inte kan tillhandah\u00e5llas, kan vi \u00e4ven utf\u00f6ra en <strong>f\u00f6rstudie <\/strong>om s\u00e5 \u00e4r \u00f6nskv\u00e4rt.<\/div>\n<\/li>\n<\/ul>\n<ul>\n<li>\n<div style=\"text-align: left;\"><span style=\"color: #0000ff;\">Laserbaserad axelm\u00e4tning inklusive m\u00e4tbord. <\/span>Framtagen av Granlund i Eskilstuna f\u00f6r kontroll av diametrar, kast, form och l\u00e4ngder p\u00e5 axlar. Baserad p\u00e5 Mitutoyo m\u00e4tlaser LSM (60 eller 120 mm f\u00f6r 1 eller 1,5 m axell\u00e4ngder) inklusive Fanuc CNC styrning. \u00c4ven andra typer av styrsystem, utf\u00f6rande och programvara\u00a0 kan erbjudas.<\/div>\n<\/li>\n<\/ul>\n<ul>\n<li><span style=\"color: #0000ff;\">Diameterm\u00e4tning tr\u00e5dar med felanalys. <\/span>F\u00f6rutom programvara f\u00f6r enbart m\u00e4tning av diameter (DGM100T) kan ocks\u00e5 <strong>AKF <\/strong>felanalys ing\u00e5 f\u00f6r detektering av tr\u00e5dfel fr\u00e5n dragskiva (DGM100Tva). F\u00f6r det senare ing\u00e5r \u00e4ven s\u00e4rskild laservagga baserad p\u00e5 Mitutoyo m\u00e4tlaser LSM (10 mm) inklusive styrning. \u00c4ven andra typer av utf\u00f6rande (fixturer), m\u00e4tsystem och programanpassning kan erbjudas.<\/li>\n<\/ul>\n<ul>\n<li><span style=\"color: #0000ff;\">Rakhetsm\u00e4tning. <\/span>M\u00e4tsystem f\u00f6r kontroll av rakhet p\u00e5 band\/pl\u00e5t\u00e4mnen (kort- eller l\u00e5ngkrokighet). Beroende p\u00e5 typ av applikation kan mekaniska givare eller m\u00e4tlaser f\u00f6r h\u00f6g noggrannhet (1 um) inklusive m\u00e4tbord ing\u00e5. Till exempel 3 st. Mitutoyo m\u00e4tlasrar LSM (10 mm) inbyggt p\u00e5 1 m m\u00e4tbord. \u00c4ven andra typer av liknande m\u00e4tsystem\u00a0 kan naturligtvis erbjudas f\u00f6r t. ex. planhet, l\u00e4gesriktighet, formkurva m.m. !<\/li>\n<\/ul>\n","protected":false},"excerpt":{"rendered":"<p>Vi \u00e4r ett mindre f\u00f6retag i Eskilstuna som utvecklar och kundanpassar programvara\u00a0och m\u00e4tutrustningar f\u00f6r kvalitetskontroll. Vi kan erbjuda b\u00e5de enkla eller mycket stora system p\u00e5 offertbasis,\u00a0inkluderande m\u00e4tfixturer, m\u00e4tutrustningar eller enbart mjukvara. Vi har samarbete med Mitutoyo Scandinavia AB avseende m\u00e4tutrustningar &hellip; <a href=\"https:\/\/wwelectronics.se\/\">Forts\u00e4tt l\u00e4sa <span class=\"meta-nav\">&rarr;<\/span><\/a><\/p>\n","protected":false},"author":1,"featured_media":0,"parent":0,"menu_order":0,"comment_status":"closed","ping_status":"closed","template":"","meta":[],"_links":{"self":[{"href":"https:\/\/wwelectronics.se\/index.php?rest_route=\/wp\/v2\/pages\/2"}],"collection":[{"href":"https:\/\/wwelectronics.se\/index.php?rest_route=\/wp\/v2\/pages"}],"about":[{"href":"https:\/\/wwelectronics.se\/index.php?rest_route=\/wp\/v2\/types\/page"}],"author":[{"embeddable":true,"href":"https:\/\/wwelectronics.se\/index.php?rest_route=\/wp\/v2\/users\/1"}],"replies":[{"embeddable":true,"href":"https:\/\/wwelectronics.se\/index.php?rest_route=%2Fwp%2Fv2%2Fcomments&post=2"}],"version-history":[{"count":105,"href":"https:\/\/wwelectronics.se\/index.php?rest_route=\/wp\/v2\/pages\/2\/revisions"}],"predecessor-version":[{"id":1419,"href":"https:\/\/wwelectronics.se\/index.php?rest_route=\/wp\/v2\/pages\/2\/revisions\/1419"}],"wp:attachment":[{"href":"https:\/\/wwelectronics.se\/index.php?rest_route=%2Fwp%2Fv2%2Fmedia&parent=2"}],"curies":[{"name":"wp","href":"https:\/\/api.w.org\/{rel}","templated":true}]}}