{"id":4,"date":"2011-04-15T15:31:30","date_gmt":"2011-04-15T15:31:30","guid":{"rendered":"http:\/\/wwelectronics.se.loopiadns.com\/?page_id=4"},"modified":"2021-11-21T10:34:37","modified_gmt":"2021-11-21T10:34:37","slug":"testsida-1","status":"publish","type":"page","link":"https:\/\/wwelectronics.se\/?page_id=4","title":{"rendered":"Programvaror"},"content":{"rendered":"<p>Vi har flera olika programtyper avsedda f\u00f6r speciella \u00e4ndam\u00e5l som t.ex. HFR100 f\u00f6r <strong>dragprovning<\/strong>, CMR100 f\u00f6r <strong>cirkul\u00e4rm\u00e4tning <\/strong>och DGM100 (plattform) f\u00f6r <strong>generella m\u00e4tapplikationer<\/strong>.\u00a0Alla programtyper har samma anv\u00e4ndargr\u00e4nssnitt och \u00e4r utf\u00f6rda f\u00f6r anv\u00e4ndning i produktionsmilj\u00f6. Gemensamt f\u00f6r alla programtyper \u00e4r ocks\u00e5 ett mycket <strong>enkelt <\/strong>handhavande. I de flesta fall endast en knapp f\u00f6r Start och Registrera. Varje program \u00e4r unikt licensierat och kan <strong>anpassas <\/strong>enligt kundkrav. Till exempel f\u00f6r protokollutskrifter, in- och utmatningsanordningar (PLC) och f\u00f6r anslutning till \u00f6verordnat aff\u00e4rs system (SQL-server).\u00a0 Nedan visas n\u00e5gra exempel p\u00e5 olika anpassade programtyper. F\u00f6r mer information, se \u00e4ven <a title=\"M\u00e4tutrustning\" href=\"http:\/\/wwelectronics.se.loopiadns.com\/?page_id=55\">m\u00e4tutrustning <\/a>eller kontakta oss g\u00e4rna.<\/p>\n<p><em><strong><a href=\"http:\/\/wwelectronics.se.loopiadns.com\/wp-content\/uploads\/2011\/04\/HFR100i.png\" target=\"_blank\" rel=\"noopener noreferrer\"><img decoding=\"async\" loading=\"lazy\" class=\"alignleft size-medium wp-image-348\" title=\"HFR100i\" src=\"http:\/\/wwelectronics.se.loopiadns.com\/wp-content\/uploads\/2011\/04\/HFR100i-300x217.png\" alt=\"\" width=\"300\" height=\"217\" srcset=\"https:\/\/wwelectronics.se\/wp-content\/uploads\/2011\/04\/HFR100i-300x217.png 300w, https:\/\/wwelectronics.se\/wp-content\/uploads\/2011\/04\/HFR100i.png 808w\" sizes=\"(max-width: 300px) 100vw, 300px\" \/><\/a>Dragprovningsprogram HFR100<\/strong><\/em>. Ansluts till lastcell och l\u00e4ngdgivare p\u00e5\u00a0\u00a0\u00a0 maskinen, varefter f\u00f6ljande kan m\u00e4tas: \u2022 Brottgr\u00e4ns Rm, Str\u00e4ckgr\u00e4ns Rp0.2 \u2022 F\u00f6rl\u00e4ngningsfaktor A5 (automatiskt). \u2022 Kontraktionsfaktor (via DIGIMATIC). \u2022 Dimensioner (area) mot toleranser. \u2022 \u00d6vre och undre str\u00e4ckgr\u00e4ns (Rhu\/Rhl). \u2022 H\u00e5rdhet via Mitutoyo h\u00e5rdhetsprovare.<\/p>\n<p><em><strong><a href=\"http:\/\/wwelectronics.se.loopiadns.com\/wp-content\/uploads\/2011\/04\/DGM100M.png\" target=\"_blank\" rel=\"noopener noreferrer\"><img decoding=\"async\" loading=\"lazy\" class=\"alignleft size-medium wp-image-118\" title=\"DGM100M Dorn\/axelm\u00e4tning\" src=\"http:\/\/wwelectronics.se.loopiadns.com\/wp-content\/uploads\/2011\/04\/DGM100M-300x217.png\" alt=\"\" width=\"300\" height=\"217\" srcset=\"https:\/\/wwelectronics.se\/wp-content\/uploads\/2011\/04\/DGM100M-300x217.png 300w, https:\/\/wwelectronics.se\/wp-content\/uploads\/2011\/04\/DGM100M.png 808w\" sizes=\"(max-width: 300px) 100vw, 300px\" \/><\/a>Axel m\u00e4tprogram DGM100M.<\/strong><\/em> <strong>Kundanpassat program<\/strong> f\u00f6r laserbaserad m\u00e4tning av dornar f\u00f6r Granlund Eskilstuna. \u2022 Mitutoyo m\u00e4tlaser LSM (60 eller 120 mm). \u2022 Fanuc styrsystem PowerMate iH. \u2022 Granlund m\u00e4tbord (1 m eller 1,5 m) l\u00e4ngd. \u2022 Diameterkontroll dornkurva. \u2022 Valspunktskompensering. \u2022 Kast- och ovalitetsform.<\/p>\n<p><a href=\"http:\/\/wwelectronics.se.loopiadns.com\/wp-content\/uploads\/2011\/04\/DGM100.png\" target=\"_blank\" rel=\"noopener noreferrer\"><img decoding=\"async\" loading=\"lazy\" class=\"alignleft size-medium wp-image-125\" title=\"DGM100 Rakhetsm\u00e4tning\" src=\"http:\/\/wwelectronics.se.loopiadns.com\/wp-content\/uploads\/2011\/04\/DGM100-300x217.png\" alt=\"\" width=\"300\" height=\"217\" srcset=\"https:\/\/wwelectronics.se\/wp-content\/uploads\/2011\/04\/DGM100-300x217.png 300w, https:\/\/wwelectronics.se\/wp-content\/uploads\/2011\/04\/DGM100.png 808w\" sizes=\"(max-width: 300px) 100vw, 300px\" \/><\/a><em><strong>Rakhets m\u00e4tprogram DGM100.<\/strong><\/em> <strong>Kundanpassat program<\/strong> f\u00f6r\u00a0 m\u00e4tning av rakhet p\u00e5 band. Ansluts till 3 st. Mitutoyo m\u00e4tlasrar och pulsgivare f\u00f6r l\u00e4ngdinl\u00e4sning. \u2022 Kort- och l\u00e5ngkrokighet (1, 2 eller 3 m). \u2022 M\u00e4tuppl\u00f6sning 0,5 um (m\u00e4tlaser). \u2022 L\u00e4ngduppl\u00f6sning 0,1 m. \u2022 L\u00e4ngdm\u00e4tning band 1 &#8211; 10 000 m. \u2022\u00a0Rakhetskurva (per str\u00e4cka eller totalt).<\/p>\n<p><a href=\"http:\/\/wwelectronics.se.loopiadns.com\/wp-content\/uploads\/2011\/04\/DGM100Tva.png\" target=\"_blank\" rel=\"noopener noreferrer\"><img decoding=\"async\" loading=\"lazy\" class=\"alignleft size-medium wp-image-139\" title=\"DGM100Tva Tr\u00e5dfelsm\u00e4tning\" src=\"http:\/\/wwelectronics.se.loopiadns.com\/wp-content\/uploads\/2011\/04\/DGM100Tva-300x217.png\" alt=\"\" width=\"300\" height=\"217\" srcset=\"https:\/\/wwelectronics.se\/wp-content\/uploads\/2011\/04\/DGM100Tva-300x217.png 300w, https:\/\/wwelectronics.se\/wp-content\/uploads\/2011\/04\/DGM100Tva.png 808w\" sizes=\"(max-width: 300px) 100vw, 300px\" \/><\/a><em><strong>Tr\u00e5dfels m\u00e4tprogram DGM100Tva.<\/strong><\/em> <strong>Kundanpassat program<\/strong> f\u00f6r\u00a0 m\u00e4tning av tr\u00e5dfel. Ansluts till Mitutoyo m\u00e4tlaser och Granlund m\u00e4tvagga f\u00f6r diameterinl\u00e4sning. \u2022 Detektering fel dragskiva (fr\u00e5n 10 um). \u2022 Autokorrelationsmetod (normerad). \u2022 Diameterm\u00e4tning (tr\u00e5dkurva). \u2022 Granlund m\u00e4tvagga (diameter 10 mm). \u2022 S\u00e4tts in\/ut under drift (C-form).<\/p>\n<p><em><strong><a href=\"http:\/\/wwelectronics.se.loopiadns.com\/wp-content\/uploads\/2011\/04\/CMM100.png\" target=\"_blank\" rel=\"noopener noreferrer\"><img decoding=\"async\" loading=\"lazy\" class=\"alignleft size-medium wp-image-113\" title=\"CMM100 Cirkul\u00e4rm\u00e4tning\" src=\"http:\/\/wwelectronics.se.loopiadns.com\/wp-content\/uploads\/2011\/04\/CMM100-300x217.png\" alt=\"\" width=\"300\" height=\"217\" srcset=\"https:\/\/wwelectronics.se\/wp-content\/uploads\/2011\/04\/CMM100-300x217.png 300w, https:\/\/wwelectronics.se\/wp-content\/uploads\/2011\/04\/CMM100.png 808w\" sizes=\"(max-width: 300px) 100vw, 300px\" \/><\/a><\/strong><\/em> <em><strong>Cirkul\u00e4r m\u00e4tprogram CMM100. <\/strong><\/em>Program f\u00f6r m\u00e4tning av cirkul\u00e4ra sp\u00e5r i valsar. Ansluts till indikator och X- Y- bord med Renishow probe\u00a0 f\u00f6r inmatning. \u2022 Ber\u00e4kning av radie- och centerposition. \u2022 Djup och offset f\u00f6r valsar. \u2022 Kompensering valsl\u00e4ge (lutning). \u2022 Anpassning f\u00f6r automatisk m\u00e4tning. \u2022 Engelsk\/Svensk spr\u00e5k (valbart).<\/p>\n","protected":false},"excerpt":{"rendered":"<p>Vi har flera olika programtyper avsedda f\u00f6r speciella \u00e4ndam\u00e5l som t.ex. HFR100 f\u00f6r dragprovning, CMR100 f\u00f6r cirkul\u00e4rm\u00e4tning och DGM100 (plattform) f\u00f6r generella m\u00e4tapplikationer.\u00a0Alla programtyper har samma anv\u00e4ndargr\u00e4nssnitt och \u00e4r utf\u00f6rda f\u00f6r anv\u00e4ndning i produktionsmilj\u00f6. Gemensamt f\u00f6r alla programtyper \u00e4r ocks\u00e5 &hellip; <a href=\"https:\/\/wwelectronics.se\/?page_id=4\">Forts\u00e4tt l\u00e4sa <span class=\"meta-nav\">&rarr;<\/span><\/a><\/p>\n","protected":false},"author":1,"featured_media":0,"parent":0,"menu_order":1,"comment_status":"closed","ping_status":"closed","template":"","meta":[],"_links":{"self":[{"href":"https:\/\/wwelectronics.se\/index.php?rest_route=\/wp\/v2\/pages\/4"}],"collection":[{"href":"https:\/\/wwelectronics.se\/index.php?rest_route=\/wp\/v2\/pages"}],"about":[{"href":"https:\/\/wwelectronics.se\/index.php?rest_route=\/wp\/v2\/types\/page"}],"author":[{"embeddable":true,"href":"https:\/\/wwelectronics.se\/index.php?rest_route=\/wp\/v2\/users\/1"}],"replies":[{"embeddable":true,"href":"https:\/\/wwelectronics.se\/index.php?rest_route=%2Fwp%2Fv2%2Fcomments&post=4"}],"version-history":[{"count":67,"href":"https:\/\/wwelectronics.se\/index.php?rest_route=\/wp\/v2\/pages\/4\/revisions"}],"predecessor-version":[{"id":1575,"href":"https:\/\/wwelectronics.se\/index.php?rest_route=\/wp\/v2\/pages\/4\/revisions\/1575"}],"wp:attachment":[{"href":"https:\/\/wwelectronics.se\/index.php?rest_route=%2Fwp%2Fv2%2Fmedia&parent=4"}],"curies":[{"name":"wp","href":"https:\/\/api.w.org\/{rel}","templated":true}]}}