{"id":55,"date":"2011-04-16T12:50:17","date_gmt":"2011-04-16T12:50:17","guid":{"rendered":"http:\/\/wwelectronics.se\/wordpress\/?page_id=55"},"modified":"2011-06-09T10:07:50","modified_gmt":"2011-06-09T10:07:50","slug":"matutrustning-3","status":"publish","type":"page","link":"https:\/\/wwelectronics.se\/?page_id=55","title":{"rendered":"M\u00e4tutrustning"},"content":{"rendered":"<p>F\u00f6rutom enbart programvara offererar vi \u00e4ven g\u00e4rna <strong>kompletta systeml\u00f6sningar<\/strong> inkluderande b\u00e5de m\u00e4tmekanik, m\u00e4tutrustning (och styrsystem) och installation med utbildning p\u00e5 plats. Som m\u00e4tutrustning anv\u00e4nder vi f\u00f6retr\u00e4desvis Mitutoyo system som exempelvis f\u00f6ljande.<\/p>\n<p><a href=\"http:\/\/wwelectronics.se\/wp-content\/uploads\/2011\/04\/Mitutoyo.png\" target=\"_blank\"><img decoding=\"async\" loading=\"lazy\" class=\"alignleft size-medium wp-image-145\" title=\"Mitutoyo\" src=\"http:\/\/wwelectronics.se\/wp-content\/uploads\/2011\/04\/Mitutoyo-279x300.png\" alt=\"\" width=\"279\" height=\"300\" srcset=\"https:\/\/wwelectronics.se\/wp-content\/uploads\/2011\/04\/Mitutoyo-279x300.png 279w, https:\/\/wwelectronics.se\/wp-content\/uploads\/2011\/04\/Mitutoyo.png 564w\" sizes=\"(max-width: 279px) 100vw, 279px\" \/><\/a>Mitutoyo m\u00e4tlasrar finns fr\u00e5n 10 till 160 mm m\u00e4tomr\u00e5den och kan anv\u00e4ndas i m\u00e5nga olika applikationer d\u00e4r framf\u00f6rallt en <strong>ber\u00f6ringsfri <\/strong>m\u00e4tning \u00e4r n\u00f6dv\u00e4ndig. Samtidigt som ingen omst\u00e4llning beh\u00f6vs mellan olika detaljtyper.<\/p>\n<p>Mitutoyo m\u00e4tgivare finns fr\u00e5n 5 till 50 mm m\u00e4tomr\u00e5den och anv\u00e4nds d\u00e4r en standard kontaktm\u00e4tning \u00e4r n\u00f6dv\u00e4ndig p.g.a. milj\u00f6n.<\/p>\n<p>M\u00e4tskalor kan anv\u00e4nds f\u00f6r mycket l\u00e5nga m\u00e4tomr\u00e5den och f\u00f6r inbyggnad i X- Y-bord.<\/p>\n<p><em><strong>M\u00e4tinterface<\/strong><\/em><br \/>\nF\u00f6rutom Mitutoyo standard interface (display- och r\u00e4knare), har vi ocks\u00e5 egna interface anpassade f\u00f6r Mitutoyo m\u00e4tgivare, pulsgivare, motorstyrning, I\/O-styrning etc.<\/p>\n<p><a href=\"http:\/\/wwelectronics.se\/wp-content\/uploads\/2011\/04\/UBX.png\" target=\"_blank\"><img decoding=\"async\" loading=\"lazy\" class=\"alignleft size-medium wp-image-151\" title=\"UBXi och UBXi16\" src=\"http:\/\/wwelectronics.se\/wp-content\/uploads\/2011\/04\/UBX-264x300.png\" alt=\"\" width=\"264\" height=\"300\" srcset=\"https:\/\/wwelectronics.se\/wp-content\/uploads\/2011\/04\/UBX-264x300.png 264w, https:\/\/wwelectronics.se\/wp-content\/uploads\/2011\/04\/UBX.png 705w\" sizes=\"(max-width: 264px) 100vw, 264px\" \/><\/a>UBXi och UBXi16 \u00e4r tv\u00e5 st. anpassade interface f\u00f6r m\u00e4tning och styrning av applikationer.<br \/>\n\u2022 USB eller RS232 anslutning.<br \/>\n\u2022 4 st. Linear Gage ing\u00e5ngar (Mitutoyo).<br \/>\n\u2022 1 st. pulsgivaring\u00e5ng (RS422).<br \/>\n\u2022 2 st. stegmotorstyrningar.<br \/>\n\u2022 2 st. A\/D-ing\u00e5ngar (10 bit).<br \/>\n\u2022 1 st. D\/A-utg\u00e5ng (10 bit).<br \/>\n\u2022 8 in\/ut +24V isolerade styrningar.<br \/>\n\u2022 M\u00e4tbuffring upp till 1 KHz (alla ing\u00e5ngar).<br \/>\n\u2022 Europakort format (levereras i l\u00e5da).<br \/>\n\u2022 16 in\/ut 24V isolerade styrningar (UBXi16).<\/p>\n<p><em><strong>M\u00e4tfixturer<\/strong><\/em><br \/>\nF\u00f6r st\u00f6rre kompletta kundsystem inkluderande b\u00e5de m\u00e4tmekanik och styrningar, samarbetar vi med Industriteknik AB och Granlund Machinery i Eskilstuna.\u00a0 Av kundsk\u00e4l vill vi inte visa n\u00e5gra bilder, men listar n\u00e5gra exempel.<\/p>\n<ul>\n<li><span style=\"color: #0000ff;\">M\u00e4tbord f\u00f6r vevaxlar till lastbilar (l\u00e4ngdm\u00e4tning och kastv\u00e4rden).<\/span><\/li>\n<li><span style=\"color: #0000ff;\">M\u00e4tfixur f\u00f6r m\u00e4tning av tandskivor (tandh\u00f6jder och position).<\/span><\/li>\n<li><span style=\"color: #0000ff;\">Anpassning av h\u00e5rdhetsprovare f\u00f6r automatisk dimensionskontroll.<\/span><\/li>\n<li><span style=\"color: #0000ff;\">Roterande laserm\u00e4tare f\u00f6r r\u00f6rdiameter (inklusive fj\u00e4rrstyrning).<\/span><\/li>\n<\/ul>\n","protected":false},"excerpt":{"rendered":"<p>F\u00f6rutom enbart programvara offererar vi \u00e4ven g\u00e4rna kompletta systeml\u00f6sningar inkluderande b\u00e5de m\u00e4tmekanik, m\u00e4tutrustning (och styrsystem) och installation med utbildning p\u00e5 plats. Som m\u00e4tutrustning anv\u00e4nder vi f\u00f6retr\u00e4desvis Mitutoyo system som exempelvis f\u00f6ljande. Mitutoyo m\u00e4tlasrar finns fr\u00e5n 10 till 160 mm m\u00e4tomr\u00e5den &hellip; <a href=\"https:\/\/wwelectronics.se\/?page_id=55\">Forts\u00e4tt l\u00e4sa <span class=\"meta-nav\">&rarr;<\/span><\/a><\/p>\n","protected":false},"author":1,"featured_media":0,"parent":0,"menu_order":2,"comment_status":"closed","ping_status":"open","template":"","meta":[],"_links":{"self":[{"href":"https:\/\/wwelectronics.se\/index.php?rest_route=\/wp\/v2\/pages\/55"}],"collection":[{"href":"https:\/\/wwelectronics.se\/index.php?rest_route=\/wp\/v2\/pages"}],"about":[{"href":"https:\/\/wwelectronics.se\/index.php?rest_route=\/wp\/v2\/types\/page"}],"author":[{"embeddable":true,"href":"https:\/\/wwelectronics.se\/index.php?rest_route=\/wp\/v2\/users\/1"}],"replies":[{"embeddable":true,"href":"https:\/\/wwelectronics.se\/index.php?rest_route=%2Fwp%2Fv2%2Fcomments&post=55"}],"version-history":[{"count":19,"href":"https:\/\/wwelectronics.se\/index.php?rest_route=\/wp\/v2\/pages\/55\/revisions"}],"predecessor-version":[{"id":143,"href":"https:\/\/wwelectronics.se\/index.php?rest_route=\/wp\/v2\/pages\/55\/revisions\/143"}],"wp:attachment":[{"href":"https:\/\/wwelectronics.se\/index.php?rest_route=%2Fwp%2Fv2%2Fmedia&parent=55"}],"curies":[{"name":"wp","href":"https:\/\/api.w.org\/{rel}","templated":true}]}}